{"id":1512,"date":"2020-09-17T06:23:57","date_gmt":"2020-09-17T03:23:57","guid":{"rendered":"https:\/\/www.gokissamos.gr\/privacy-policy\/"},"modified":"2024-01-29T10:02:25","modified_gmt":"2024-01-29T08:02:25","slug":"privacy-policy","status":"publish","type":"page","link":"https:\/\/www.rentacarchaniaairport.gr\/it\/privacy-policy\/","title":{"rendered":"Politica sulla riservatezza"},"content":{"rendered":"\t\t<div data-elementor-type=\"wp-page\" data-elementor-id=\"1512\" data-post-id=\"1512\" data-obj-id=\"1512\" class=\"elementor elementor-1512 dce-elementor-post-1512 elementor-3\" data-elementor-settings=\"[]\">\n\t\t\t\t\t\t<div class=\"elementor-inner\">\n\t\t\t\t\t\t\t<div class=\"elementor-section-wrap\">\n\t\t\t\t\t\t\t<section class=\"elementor-section elementor-top-section elementor-element elementor-element-37ef7ef elementor-section-boxed elementor-section-height-default elementor-section-height-default\" data-id=\"37ef7ef\" data-element_type=\"section\">\n\t\t\t\t\t\t<div class=\"elementor-container elementor-column-gap-default\">\n\t\t\t\t\t\t\t<div class=\"elementor-row\">\n\t\t\t\t\t<div class=\"elementor-column elementor-col-100 elementor-top-column elementor-element elementor-element-ead2573\" data-id=\"ead2573\" data-element_type=\"column\">\n\t\t\t<div class=\"elementor-column-wrap elementor-element-populated\">\n\t\t\t\t\t\t\t<div class=\"elementor-widget-wrap\">\n\t\t\t\t\t\t<div class=\"elementor-element elementor-element-4284587 elementor-widget elementor-widget-heading\" data-id=\"4284587\" data-element_type=\"widget\" data-widget_type=\"heading.default\">\n\t\t\t\t<div class=\"elementor-widget-container\">\n\t\t\t<h1 class=\"elementor-heading-title elementor-size-default\">Politica sulla Privacy<\/h1>\t\t<\/div>\n\t\t\t\t<\/div>\n\t\t\t\t\t\t<\/div>\n\t\t\t\t\t<\/div>\n\t\t<\/div>\n\t\t\t\t\t\t\t\t<\/div>\n\t\t\t\t\t<\/div>\n\t\t<\/section>\n\t\t\t\t<section class=\"elementor-section elementor-top-section elementor-element elementor-element-687d9a3 elementor-section-boxed elementor-section-height-default elementor-section-height-default\" data-id=\"687d9a3\" data-element_type=\"section\">\n\t\t\t\t\t\t<div class=\"elementor-container elementor-column-gap-default\">\n\t\t\t\t\t\t\t<div class=\"elementor-row\">\n\t\t\t\t\t<div class=\"elementor-column elementor-col-100 elementor-top-column elementor-element elementor-element-a553119\" data-id=\"a553119\" data-element_type=\"column\">\n\t\t\t<div class=\"elementor-column-wrap elementor-element-populated\">\n\t\t\t\t\t\t\t<div class=\"elementor-widget-wrap\">\n\t\t\t\t\t\t<div class=\"elementor-element elementor-element-214a895 elementor-widget elementor-widget-text-editor\" data-id=\"214a895\" data-element_type=\"widget\" data-widget_type=\"text-editor.default\">\n\t\t\t\t<div class=\"elementor-widget-container\">\n\t\t\t\t\t<div class=\"elementor-text-editor elementor-clearfix\"><p>Questa politica sulla privacy \u00e8 stata scritta per servire meglio coloro che sono interessati a come utilizziamo le loro informazioni personali sul nostro sito.<\/p><p>Si prega di leggere attentamente la nostra politica sulla privacy per comprendere in modo chiaro come raccogliamo, utilizziamo e proteggiamo le tue informazioni personali sul nostro sito web.<\/p><p>Quali informazioni personali raccogliamo dagli utenti che visitano il nostro sito web?<\/p><p>Al momento dell&#8217;ordine, della prenotazione o della registrazione sul nostro sito Web, potrebbe esserti chiesto di inserire il tuo nome, indirizzo e-mail, numero di telefono o altre informazioni per aiutarti con la tua esperienza o con un acquisto.<\/p><p>Quando raccogliamo le informazioni?<\/p><p>Raccogliamo informazioni da te quando ti iscrivi al nostro sito web, effettui un ordine, richiedi o prenoti una camera, ti iscrivi a una newsletter, compili un modulo, usi la nostra Live Chat, apri un Ticket di Supporto o inserisci informazioni sul nostro sito.<\/p><p>Come utilizziamo le tue informazioni?<br \/>Potremmo utilizzare le informazioni che raccogliamo da te quando ti registri, effettui un acquisto, ti iscrivi alla nostra newsletter, effettui una richiesta o una prenotazione, rispondi a un sondaggio o a una comunicazione di marketing, navighi sul nostro sito web o utilizzi alcune altre funzioni del sito web nei seguenti modi:<br \/>\u2022 personalizzare la tua esperienza in modo tale da fornirti il tipo di contenuti e prodotti che potrebbero interessarti di pi\u00f9.<br \/>\u2022 migliorare il nostro sito per offrirti un servizio migliore.<br \/>\u2022 poterti servire meglio in risposta alle richieste del servizio clienti.<br \/>\u2022 modificare rapidamente le tue transazioni.<br \/>\u2022 richiedere valutazioni e recensioni per i nostri servizi o prodotti<br \/>\u2022 per il follow-up (chat, e-mail o comunicazioni telefoniche)<\/p><p>Come proteggiamo i tuoi dati?<br \/>Controlliamo regolarmente per malware e virus.<br \/>Le tue informazioni personali sono dietro una rete sicura ed \u00e8 sono accessibili solo a un numero limitato di persone che hanno diritti di accesso speciali a tali sistemi e sono tenuti a mantenere le informazioni riservate.<br \/>Inoltre, il nostro sito \u00e8 interamente crittografato con la tecnologia Secure Socket Layer (SSL).<br \/>Applichiamo anche altre misure di sicurezza (in conformit\u00e0 con le normative sulla protezione dei dati) quando un utente effettua un ordine o ottiene l&#8217;accesso alle sue informazioni per mantenere la sicurezza delle informazioni personali. Presentazione delle informazioni a terzi. Non vendiamo, consegniamo, scambiamo o trasferiamo in altro modo le tue informazioni personali a terzi. Possiamo fornire informazioni quando dobbiamo rispettare una legge \/ una situazione legislativa, implementare le politiche del nostro sito Web o proteggere i nostri diritti o i diritti altrui. Link di terze parti Occasionalmente, a nostra discrezione, possiamo includere o offrire prodotti o servizi di terzi sul nostro sito. Questi siti di terze parti hanno politiche sulla privacy separate e indipendenti. Pertanto, non abbiamo alcuna responsabilit\u00e0 per il contenuto e le attivit\u00e0 di questi siti collegati. Tuttavia, cerchiamo di proteggere l&#8217;integrit\u00e0 del nostro sito e di ricevere commenti su<br \/>questi siti.<\/p><p>Google Analytics<br \/>Utilizziamo altri cookie (come i cookie di Google Analytics). Se non accetti la politica sui Cookie durante la tua visita al nostro sito web, il monitoraggio di Google Analytics sar\u00e0 disabilitato (puoi bloccarlo quando accedi al nostro sito).<br \/>Raccogliamo il tuo indirizzo email (se abbiamo il tuo consenso):<br \/>\u2022 per inviarti informazioni, rispondere a domande e \/ o altre richieste<br \/>\u2022 per inviarti informazioni sul tuo ordine, sulla tua richiesta, la tua prenotazione o la tua fattura<br \/>\u2022 per inviarti ulteriori informazioni sui nostri prodotti e \/ o servizi Se desideri annullare l&#8217;iscrizione in qualsiasi momento in modo da non ricevere e-mail future, puoi inviarci un&#8217;e-mail a info@gokissamos.gr e rimuoveremo immediatamente TUTTE le tue informazioni<br \/>dalla nostra posta.<\/p><p><br \/>Modifiche alla nostra politica sulla privacy<br \/>Di tanto in tanto potremmo modificare la presente &#8220;Informativa sulla privacy&#8221;<br \/>pubblicando la nuova versione sul nostro sito. Per qualsiasi modifica sostanziale, ti daremo un ragionevole avvertimento. Ti invitiamo a visitare frequentemente il nostro sito per essere informato su come utilizziamo le tue informazioni personali.<br \/>Se continui a visitare il nostro sito dopo la pubblicazione di eventuali modifiche alla nostra politica sulla privacy, questo sar\u00e0 un segno di accettazione delle modifiche.<\/p><\/div>\n\t\t\t\t<\/div>\n\t\t\t\t<\/div>\n\t\t\t\t\t\t<\/div>\n\t\t\t\t\t<\/div>\n\t\t<\/div>\n\t\t\t\t\t\t\t\t<\/div>\n\t\t\t\t\t<\/div>\n\t\t<\/section>\n\t\t\t\t\t\t<\/div>\n\t\t\t\t\t\t<\/div>\n\t\t\t\t\t<\/div>\n\t\t","protected":false},"excerpt":{"rendered":"<p>Politica sulla Privacy Questa politica sulla privacy \u00e8 stata scritta per servire meglio coloro che sono interessati a come utilizziamo le loro informazioni personali sul nostro sito. Si prega di leggere attentamente la nostra politica sulla privacy per comprendere in modo chiaro come raccogliamo, utilizziamo e proteggiamo le tue informazioni personali sul nostro sito web. [&hellip;]<\/p>\n","protected":false},"author":1,"featured_media":0,"parent":0,"menu_order":0,"comment_status":"closed","ping_status":"closed","template":"","meta":{"_seopress_robots_primary_cat":""},"_links":{"self":[{"href":"https:\/\/www.rentacarchaniaairport.gr\/it\/wp-json\/wp\/v2\/pages\/1512"}],"collection":[{"href":"https:\/\/www.rentacarchaniaairport.gr\/it\/wp-json\/wp\/v2\/pages"}],"about":[{"href":"https:\/\/www.rentacarchaniaairport.gr\/it\/wp-json\/wp\/v2\/types\/page"}],"author":[{"embeddable":true,"href":"https:\/\/www.rentacarchaniaairport.gr\/it\/wp-json\/wp\/v2\/users\/1"}],"replies":[{"embeddable":true,"href":"https:\/\/www.rentacarchaniaairport.gr\/it\/wp-json\/wp\/v2\/comments?post=1512"}],"version-history":[{"count":3,"href":"https:\/\/www.rentacarchaniaairport.gr\/it\/wp-json\/wp\/v2\/pages\/1512\/revisions"}],"predecessor-version":[{"id":2733,"href":"https:\/\/www.rentacarchaniaairport.gr\/it\/wp-json\/wp\/v2\/pages\/1512\/revisions\/2733"}],"wp:attachment":[{"href":"https:\/\/www.rentacarchaniaairport.gr\/it\/wp-json\/wp\/v2\/media?parent=1512"}],"curies":[{"name":"wp","href":"https:\/\/api.w.org\/{rel}","templated":true}]}}