{"id":1340,"date":"2020-10-23T12:33:30","date_gmt":"2020-10-23T12:33:30","guid":{"rendered":"https:\/\/www.gokissamos.gr\/must-see-in-the-city-center\/"},"modified":"2021-12-06T09:30:28","modified_gmt":"2021-12-06T07:30:28","slug":"must-see-in-the-city-center","status":"publish","type":"page","link":"https:\/\/www.rentacarchaniaairport.gr\/it\/must-see-in-the-city-center\/","title":{"rendered":"Luoghi da vedere nel centro della citt\u00e0"},"content":{"rendered":"\t\t<div data-elementor-type=\"wp-page\" data-elementor-id=\"1340\" data-post-id=\"1340\" data-obj-id=\"1340\" class=\"elementor elementor-1340 dce-elementor-post-1340 elementor-646\" data-elementor-settings=\"[]\">\n\t\t\t\t\t\t<div class=\"elementor-inner\">\n\t\t\t\t\t\t\t<div class=\"elementor-section-wrap\">\n\t\t\t\t\t\t\t<section class=\"elementor-section elementor-top-section elementor-element elementor-element-10334c19 elementor-section-full_width elementor-section-height-min-height elementor-section-items-stretch elementor-section-height-default\" data-id=\"10334c19\" data-element_type=\"section\">\n\t\t\t\t\t\t<div class=\"elementor-container elementor-column-gap-default\">\n\t\t\t\t\t\t\t<div class=\"elementor-row\">\n\t\t\t\t\t<div class=\"elementor-column elementor-col-50 elementor-top-column elementor-element elementor-element-46bdea39\" data-id=\"46bdea39\" data-element_type=\"column\">\n\t\t\t<div class=\"elementor-column-wrap elementor-element-populated\">\n\t\t\t\t\t\t\t<div class=\"elementor-widget-wrap\">\n\t\t\t\t\t\t<div class=\"elementor-element elementor-element-7ff25cc7 elementor-widget elementor-widget-heading\" data-id=\"7ff25cc7\" data-element_type=\"widget\" data-widget_type=\"heading.default\">\n\t\t\t\t<div class=\"elementor-widget-container\">\n\t\t\t<h1 class=\"elementor-heading-title elementor-size-default\">Luoghi da vedere nel centro della citt\u00e0<\/h1>\t\t<\/div>\n\t\t\t\t<\/div>\n\t\t\t\t\t\t<\/div>\n\t\t\t\t\t<\/div>\n\t\t<\/div>\n\t\t\t\t<div class=\"elementor-column elementor-col-50 elementor-top-column elementor-element elementor-element-407eb18e\" data-id=\"407eb18e\" data-element_type=\"column\" data-settings=\"{&quot;background_background&quot;:&quot;classic&quot;}\">\n\t\t\t<div class=\"elementor-column-wrap elementor-element-populated\">\n\t\t\t\t\t\t\t<div class=\"elementor-widget-wrap\">\n\t\t\t\t\t\t<div class=\"elementor-element elementor-element-2f31850b elementor-widget elementor-widget-spacer\" data-id=\"2f31850b\" data-element_type=\"widget\" data-widget_type=\"spacer.default\">\n\t\t\t\t<div class=\"elementor-widget-container\">\n\t\t\t\t\t<div class=\"elementor-spacer\">\n\t\t\t<div class=\"elementor-spacer-inner\"><\/div>\n\t\t<\/div>\n\t\t\t\t<\/div>\n\t\t\t\t<\/div>\n\t\t\t\t\t\t<\/div>\n\t\t\t\t\t<\/div>\n\t\t<\/div>\n\t\t\t\t\t\t\t\t<\/div>\n\t\t\t\t\t<\/div>\n\t\t<\/section>\n\t\t\t\t<section class=\"elementor-section elementor-top-section elementor-element elementor-element-be1c4b4 elementor-section-height-min-height elementor-section-items-stretch elementor-reverse-tablet elementor-reverse-mobile elementor-section-boxed elementor-section-height-default\" data-id=\"be1c4b4\" data-element_type=\"section\">\n\t\t\t\t\t\t<div class=\"elementor-container elementor-column-gap-default\">\n\t\t\t\t\t\t\t<div class=\"elementor-row\">\n\t\t\t\t\t<div class=\"elementor-column elementor-col-50 elementor-top-column elementor-element elementor-element-331f35e4\" data-id=\"331f35e4\" data-element_type=\"column\" data-settings=\"{&quot;background_background&quot;:&quot;classic&quot;}\">\n\t\t\t<div class=\"elementor-column-wrap elementor-element-populated\">\n\t\t\t\t\t\t\t<div class=\"elementor-widget-wrap\">\n\t\t\t\t\t\t<div class=\"elementor-element elementor-element-518e62a dce_masking-none elementor-widget elementor-widget-image\" data-id=\"518e62a\" data-element_type=\"widget\" data-widget_type=\"image.default\">\n\t\t\t\t<div class=\"elementor-widget-container\">\n\t\t\t\t\t<div class=\"elementor-image\">\n\t\t\t\t\t\t\t\t\t\t<img width=\"645\" height=\"550\" src=\"https:\/\/www.rentacarchaniaairport.gr\/wp-content\/uploads\/2020\/11\/old-harbor.jpg\" class=\"attachment-full size-full\" alt=\"\" loading=\"lazy\" srcset=\"https:\/\/www.rentacarchaniaairport.gr\/wp-content\/uploads\/2020\/11\/old-harbor.jpg 645w, https:\/\/www.rentacarchaniaairport.gr\/wp-content\/uploads\/2020\/11\/old-harbor-300x256.jpg 300w\" sizes=\"(max-width: 645px) 100vw, 645px\" \/>\t\t\t\t\t\t\t\t\t\t\t<\/div>\n\t\t\t\t<\/div>\n\t\t\t\t<\/div>\n\t\t\t\t\t\t<\/div>\n\t\t\t\t\t<\/div>\n\t\t<\/div>\n\t\t\t\t<div class=\"elementor-column elementor-col-50 elementor-top-column elementor-element elementor-element-396cea86\" data-id=\"396cea86\" data-element_type=\"column\">\n\t\t\t<div class=\"elementor-column-wrap elementor-element-populated\">\n\t\t\t\t\t\t\t<div class=\"elementor-widget-wrap\">\n\t\t\t\t\t\t<div class=\"elementor-element elementor-element-2bb7fd6e elementor-widget elementor-widget-heading\" data-id=\"2bb7fd6e\" data-element_type=\"widget\" data-widget_type=\"heading.default\">\n\t\t\t\t<div class=\"elementor-widget-container\">\n\t\t\t<h3 class=\"elementor-heading-title elementor-size-default\">Vecchio Porto Veneziano<\/h3>\t\t<\/div>\n\t\t\t\t<\/div>\n\t\t\t\t<div class=\"elementor-element elementor-element-5d08f4d6 elementor-widget elementor-widget-text-editor\" data-id=\"5d08f4d6\" data-element_type=\"widget\" data-widget_type=\"text-editor.default\">\n\t\t\t\t<div class=\"elementor-widget-container\">\n\t\t\t\t\t<div class=\"elementor-text-editor elementor-clearfix\"><p>Risalente al XIV secolo, il vecchio porto \u00e8<br \/>circondato da una passeggiata fiancheggiata<br \/>da ristoranti di pesce e da caff\u00e8, brulica di<br \/>visitatori nel periodo estivo ed \u00e8<br \/>assolutamente incantevole di notte.<\/p><\/div>\n\t\t\t\t<\/div>\n\t\t\t\t<\/div>\n\t\t\t\t\t\t<\/div>\n\t\t\t\t\t<\/div>\n\t\t<\/div>\n\t\t\t\t\t\t\t\t<\/div>\n\t\t\t\t\t<\/div>\n\t\t<\/section>\n\t\t\t\t<section class=\"elementor-section elementor-top-section elementor-element elementor-element-b93e6fa elementor-section-height-min-height elementor-section-items-stretch elementor-section-boxed elementor-section-height-default\" data-id=\"b93e6fa\" data-element_type=\"section\">\n\t\t\t\t\t\t<div class=\"elementor-container elementor-column-gap-default\">\n\t\t\t\t\t\t\t<div class=\"elementor-row\">\n\t\t\t\t\t<div class=\"elementor-column elementor-col-50 elementor-top-column elementor-element elementor-element-3809903d\" data-id=\"3809903d\" data-element_type=\"column\">\n\t\t\t<div class=\"elementor-column-wrap elementor-element-populated\">\n\t\t\t\t\t\t\t<div class=\"elementor-widget-wrap\">\n\t\t\t\t\t\t<div class=\"elementor-element elementor-element-79fca969 elementor-widget elementor-widget-heading\" data-id=\"79fca969\" data-element_type=\"widget\" data-widget_type=\"heading.default\">\n\t\t\t\t<div class=\"elementor-widget-container\">\n\t\t\t<h3 class=\"elementor-heading-title elementor-size-default\">Vecchia Citt\u00e0<\/h3>\t\t<\/div>\n\t\t\t\t<\/div>\n\t\t\t\t<div class=\"elementor-element elementor-element-2704b171 elementor-widget elementor-widget-text-editor\" data-id=\"2704b171\" data-element_type=\"widget\" data-widget_type=\"text-editor.default\">\n\t\t\t\t<div class=\"elementor-widget-container\">\n\t\t\t\t\t<div class=\"elementor-text-editor elementor-clearfix\"><p>Una delle cose migliori da fare a Chania \u00e8<br \/>vagare nel labirinto di passaggi stretti e<br \/>pedonali nel centro storico. Uno stile<br \/>architettonico emerge da ogni angolo. I<br \/>negozi lungo le strade e le scale vendono<br \/>souvenir e graziosi ristoranti e caff\u00e8 sono<br \/>nascosti in cortili ombreggiati.\u00a0<\/p><p>\u00a0<\/p><p>Mentre cammini, ti imbatterai in quattro<br \/>aree distinte, ognuna con il proprio aspetto e<br \/>atmosfera: Kastelli \u00e8 collinosa e piuttosto<br \/>vecchia con passaggi molto stretti e tortuosi.<br \/>Se ti imbatti in un gruppo di turisti, spesso \u00e8<br \/>troppo stretto per passare. Topanas \u00e8<br \/>appena dietro al vecchio porto e ha strade<br \/>strette. Il Quartiere Ebraico \u00e8 facilmente<br \/>identificabile dalle sue strade pi\u00f9 ampie. Il<br \/>Quartiere Splantzia ha il maggior numero di<br \/>caff\u00e8 e ristoranti all&#8217;aperto, per lo pi\u00f9 situati<br \/>intorno a un enorme platano di fronte alla<br \/>Chiesa di San Nicola.<\/p><\/div>\n\t\t\t\t<\/div>\n\t\t\t\t<\/div>\n\t\t\t\t\t\t<\/div>\n\t\t\t\t\t<\/div>\n\t\t<\/div>\n\t\t\t\t<div class=\"elementor-column elementor-col-50 elementor-top-column elementor-element elementor-element-1789cb4a\" data-id=\"1789cb4a\" data-element_type=\"column\" data-settings=\"{&quot;background_background&quot;:&quot;classic&quot;}\">\n\t\t\t<div class=\"elementor-column-wrap elementor-element-populated\">\n\t\t\t\t\t\t\t<div class=\"elementor-widget-wrap\">\n\t\t\t\t\t\t<div class=\"elementor-element elementor-element-3a79f6c dce_masking-none elementor-widget elementor-widget-image\" data-id=\"3a79f6c\" data-element_type=\"widget\" data-widget_type=\"image.default\">\n\t\t\t\t<div class=\"elementor-widget-container\">\n\t\t\t\t\t<div class=\"elementor-image\">\n\t\t\t\t\t\t\t\t\t\t<img width=\"645\" height=\"550\" src=\"https:\/\/www.rentacarchaniaairport.gr\/wp-content\/uploads\/2020\/11\/oldtown.jpg\" class=\"attachment-full size-full\" alt=\"\" loading=\"lazy\" srcset=\"https:\/\/www.rentacarchaniaairport.gr\/wp-content\/uploads\/2020\/11\/oldtown.jpg 645w, https:\/\/www.rentacarchaniaairport.gr\/wp-content\/uploads\/2020\/11\/oldtown-300x256.jpg 300w\" sizes=\"(max-width: 645px) 100vw, 645px\" \/>\t\t\t\t\t\t\t\t\t\t\t<\/div>\n\t\t\t\t<\/div>\n\t\t\t\t<\/div>\n\t\t\t\t\t\t<\/div>\n\t\t\t\t\t<\/div>\n\t\t<\/div>\n\t\t\t\t\t\t\t\t<\/div>\n\t\t\t\t\t<\/div>\n\t\t<\/section>\n\t\t\t\t<section class=\"elementor-section elementor-top-section elementor-element elementor-element-7e51e292 elementor-section-height-min-height elementor-section-items-stretch elementor-reverse-tablet elementor-reverse-mobile elementor-section-boxed elementor-section-height-default\" data-id=\"7e51e292\" data-element_type=\"section\">\n\t\t\t\t\t\t<div class=\"elementor-container elementor-column-gap-default\">\n\t\t\t\t\t\t\t<div class=\"elementor-row\">\n\t\t\t\t\t<div class=\"elementor-column elementor-col-50 elementor-top-column elementor-element elementor-element-730b576e\" data-id=\"730b576e\" data-element_type=\"column\" data-settings=\"{&quot;background_background&quot;:&quot;classic&quot;}\">\n\t\t\t<div class=\"elementor-column-wrap elementor-element-populated\">\n\t\t\t\t\t\t\t<div class=\"elementor-widget-wrap\">\n\t\t\t\t\t\t<div class=\"elementor-element elementor-element-c0f00c4 dce_masking-none elementor-widget elementor-widget-image\" data-id=\"c0f00c4\" data-element_type=\"widget\" data-widget_type=\"image.default\">\n\t\t\t\t<div class=\"elementor-widget-container\">\n\t\t\t\t\t<div class=\"elementor-image\">\n\t\t\t\t\t\t\t\t\t\t<img width=\"645\" height=\"550\" src=\"https:\/\/www.rentacarchaniaairport.gr\/wp-content\/uploads\/2020\/12\/lighthouse.jpg\" class=\"attachment-full size-full\" alt=\"\" loading=\"lazy\" srcset=\"https:\/\/www.rentacarchaniaairport.gr\/wp-content\/uploads\/2020\/12\/lighthouse.jpg 645w, https:\/\/www.rentacarchaniaairport.gr\/wp-content\/uploads\/2020\/12\/lighthouse-300x256.jpg 300w\" sizes=\"(max-width: 645px) 100vw, 645px\" \/>\t\t\t\t\t\t\t\t\t\t\t<\/div>\n\t\t\t\t<\/div>\n\t\t\t\t<\/div>\n\t\t\t\t\t\t<\/div>\n\t\t\t\t\t<\/div>\n\t\t<\/div>\n\t\t\t\t<div class=\"elementor-column elementor-col-50 elementor-top-column elementor-element elementor-element-5bd63145\" data-id=\"5bd63145\" data-element_type=\"column\">\n\t\t\t<div class=\"elementor-column-wrap elementor-element-populated\">\n\t\t\t\t\t\t\t<div class=\"elementor-widget-wrap\">\n\t\t\t\t\t\t<div class=\"elementor-element elementor-element-19c43bf5 elementor-widget elementor-widget-heading\" data-id=\"19c43bf5\" data-element_type=\"widget\" data-widget_type=\"heading.default\">\n\t\t\t\t<div class=\"elementor-widget-container\">\n\t\t\t<h3 class=\"elementor-heading-title elementor-size-default\">Cammina Lungo La Diga fino Al Faro<\/h3>\t\t<\/div>\n\t\t\t\t<\/div>\n\t\t\t\t<div class=\"elementor-element elementor-element-1d0a28a3 elementor-widget elementor-widget-text-editor\" data-id=\"1d0a28a3\" data-element_type=\"widget\" data-widget_type=\"text-editor.default\">\n\t\t\t\t<div class=\"elementor-widget-container\">\n\t\t\t\t\t<div class=\"elementor-text-editor elementor-clearfix\"><p>Una delle migliori viste del vecchio porto e<br \/>della citt\u00e0 vecchia di Chania si possono<br \/>trovare facendo una piacevole passeggiata<br \/>lungo la diga Veneziana fino al faro del XIX<br \/>secolo.<br \/>Sebbene il faro non sia aperto ai visitatori,<br \/>puoi comunque salire le scale fino al primo<br \/>livello alla base per ammirare la citt\u00e0 e il mare.<\/p><\/div>\n\t\t\t\t<\/div>\n\t\t\t\t<\/div>\n\t\t\t\t\t\t<\/div>\n\t\t\t\t\t<\/div>\n\t\t<\/div>\n\t\t\t\t\t\t\t\t<\/div>\n\t\t\t\t\t<\/div>\n\t\t<\/section>\n\t\t\t\t<section class=\"elementor-section elementor-top-section elementor-element elementor-element-16deb072 elementor-section-height-min-height elementor-section-items-stretch elementor-section-boxed elementor-section-height-default\" data-id=\"16deb072\" data-element_type=\"section\">\n\t\t\t\t\t\t<div class=\"elementor-container elementor-column-gap-default\">\n\t\t\t\t\t\t\t<div class=\"elementor-row\">\n\t\t\t\t\t<div class=\"elementor-column elementor-col-50 elementor-top-column elementor-element elementor-element-199fa2b3\" data-id=\"199fa2b3\" data-element_type=\"column\">\n\t\t\t<div class=\"elementor-column-wrap elementor-element-populated\">\n\t\t\t\t\t\t\t<div class=\"elementor-widget-wrap\">\n\t\t\t\t\t\t<div class=\"elementor-element elementor-element-17a950af elementor-widget elementor-widget-heading\" data-id=\"17a950af\" data-element_type=\"widget\" data-widget_type=\"heading.default\">\n\t\t\t\t<div class=\"elementor-widget-container\">\n\t\t\t<h3 class=\"elementor-heading-title elementor-size-default\">Museo Marittimo<\/h3>\t\t<\/div>\n\t\t\t\t<\/div>\n\t\t\t\t<div class=\"elementor-element elementor-element-6d1bd757 elementor-widget elementor-widget-text-editor\" data-id=\"6d1bd757\" data-element_type=\"widget\" data-widget_type=\"text-editor.default\">\n\t\t\t\t<div class=\"elementor-widget-container\">\n\t\t\t\t\t<div class=\"elementor-text-editor elementor-clearfix\"><p>Questo museo, sulla punta della terra oltre il<br \/>canale dal faro, ripercorre il rapporto<br \/>secolare di Creta con il mare, dai Minoici,<br \/>attraverso i periodi Bizantino, Veneziano e<br \/>Turco, per arrivare all&#8217;invasione Tedesca<br \/>dell&#8217;isola durante la seconda guerra<br \/>mondiale.<br \/>Distribuita su due piani, la collezione<br \/>comprende presentazioni video, fantastici<br \/>modelli di navi, dipinti, foto e attrezzature<br \/>nautiche. Lo troverai all&#8217;angolo occidentale<br \/>del vecchio porto in un grazioso edificio rosso<br \/>costruito dai Veneziani e utilizzato come<br \/>prigione.<\/p><\/div>\n\t\t\t\t<\/div>\n\t\t\t\t<\/div>\n\t\t\t\t\t\t<\/div>\n\t\t\t\t\t<\/div>\n\t\t<\/div>\n\t\t\t\t<div class=\"elementor-column elementor-col-50 elementor-top-column elementor-element elementor-element-386a9500\" data-id=\"386a9500\" data-element_type=\"column\" data-settings=\"{&quot;background_background&quot;:&quot;classic&quot;}\">\n\t\t\t<div class=\"elementor-column-wrap elementor-element-populated\">\n\t\t\t\t\t\t\t<div class=\"elementor-widget-wrap\">\n\t\t\t\t\t\t<div class=\"elementor-element elementor-element-17fc369 dce_masking-none elementor-widget elementor-widget-image\" data-id=\"17fc369\" data-element_type=\"widget\" data-widget_type=\"image.default\">\n\t\t\t\t<div class=\"elementor-widget-container\">\n\t\t\t\t\t<div class=\"elementor-image\">\n\t\t\t\t\t\t\t\t\t\t<img width=\"645\" height=\"550\" src=\"https:\/\/www.rentacarchaniaairport.gr\/wp-content\/uploads\/2020\/12\/go.jpg\" class=\"attachment-full size-full\" alt=\"\" loading=\"lazy\" srcset=\"https:\/\/www.rentacarchaniaairport.gr\/wp-content\/uploads\/2020\/12\/go.jpg 645w, https:\/\/www.rentacarchaniaairport.gr\/wp-content\/uploads\/2020\/12\/go-300x256.jpg 300w\" sizes=\"(max-width: 645px) 100vw, 645px\" \/>\t\t\t\t\t\t\t\t\t\t\t<\/div>\n\t\t\t\t<\/div>\n\t\t\t\t<\/div>\n\t\t\t\t\t\t<\/div>\n\t\t\t\t\t<\/div>\n\t\t<\/div>\n\t\t\t\t\t\t\t\t<\/div>\n\t\t\t\t\t<\/div>\n\t\t<\/section>\n\t\t\t\t<section class=\"elementor-section elementor-top-section elementor-element elementor-element-4c439897 elementor-section-height-min-height elementor-section-items-stretch elementor-reverse-tablet elementor-reverse-mobile elementor-section-boxed elementor-section-height-default\" data-id=\"4c439897\" data-element_type=\"section\">\n\t\t\t\t\t\t<div class=\"elementor-container elementor-column-gap-default\">\n\t\t\t\t\t\t\t<div class=\"elementor-row\">\n\t\t\t\t\t<div class=\"elementor-column elementor-col-50 elementor-top-column elementor-element elementor-element-2417e4c7\" data-id=\"2417e4c7\" data-element_type=\"column\" data-settings=\"{&quot;background_background&quot;:&quot;classic&quot;}\">\n\t\t\t<div class=\"elementor-column-wrap elementor-element-populated\">\n\t\t\t\t\t\t\t<div class=\"elementor-widget-wrap\">\n\t\t\t\t\t\t<div class=\"elementor-element elementor-element-a3c0815 dce_masking-none elementor-widget elementor-widget-image\" data-id=\"a3c0815\" data-element_type=\"widget\" data-widget_type=\"image.default\">\n\t\t\t\t<div class=\"elementor-widget-container\">\n\t\t\t\t\t<div class=\"elementor-image\">\n\t\t\t\t\t\t\t\t\t\t<img width=\"645\" height=\"550\" src=\"https:\/\/www.rentacarchaniaairport.gr\/wp-content\/uploads\/2020\/11\/agora.jpg\" class=\"attachment-full size-full\" alt=\"\" loading=\"lazy\" srcset=\"https:\/\/www.rentacarchaniaairport.gr\/wp-content\/uploads\/2020\/11\/agora.jpg 645w, https:\/\/www.rentacarchaniaairport.gr\/wp-content\/uploads\/2020\/11\/agora-300x256.jpg 300w\" sizes=\"(max-width: 645px) 100vw, 645px\" \/>\t\t\t\t\t\t\t\t\t\t\t<\/div>\n\t\t\t\t<\/div>\n\t\t\t\t<\/div>\n\t\t\t\t\t\t<\/div>\n\t\t\t\t\t<\/div>\n\t\t<\/div>\n\t\t\t\t<div class=\"elementor-column elementor-col-50 elementor-top-column elementor-element elementor-element-61bbfee2\" data-id=\"61bbfee2\" data-element_type=\"column\">\n\t\t\t<div class=\"elementor-column-wrap elementor-element-populated\">\n\t\t\t\t\t\t\t<div class=\"elementor-widget-wrap\">\n\t\t\t\t\t\t<div class=\"elementor-element elementor-element-33e1bce0 elementor-widget elementor-widget-heading\" data-id=\"33e1bce0\" data-element_type=\"widget\" data-widget_type=\"heading.default\">\n\t\t\t\t<div class=\"elementor-widget-container\">\n\t\t\t<h3 class=\"elementor-heading-title elementor-size-default\">Mercato Comunale<\/h3>\t\t<\/div>\n\t\t\t\t<\/div>\n\t\t\t\t<div class=\"elementor-element elementor-element-7b85456a elementor-widget elementor-widget-text-editor\" data-id=\"7b85456a\" data-element_type=\"widget\" data-widget_type=\"text-editor.default\">\n\t\t\t\t<div class=\"elementor-widget-container\">\n\t\t\t\t\t<div class=\"elementor-text-editor elementor-clearfix\"><p>attrazioni turistiche di Chania \u00e8 il mercato<br \/>municipale. Ospitato in una struttura di 4.000<br \/>metri quadrati costruita nel 1911. Troverai<br \/>venditori che offrono verdure, carne e pesce<br \/>al culmine della loro freschezza. Se sei in<br \/>vacanza a Chania o nei dintorni e sei a<br \/>disposizione di un angolo cottura questa<br \/>dovrebbe essere la tua prima tappa per fare<br \/>scorta.<br \/>\u00c8 interessante notare che la maggior parte<br \/>dei prodotti viene coltivata a Creta. Il clima<br \/>unico e la topografia dell&#8217;isola consentono la<br \/>coltivazione di un&#8217;ampia variet\u00e0 di prodotti<br \/>durante tutto l&#8217;anno.<\/p><p>Anche alcuni piccoli ristoranti locali si<br \/>trovano qui insieme ad altri negozi che<br \/>vendono le forniture turistiche standard.<\/p><\/div>\n\t\t\t\t<\/div>\n\t\t\t\t<\/div>\n\t\t\t\t<div class=\"elementor-element elementor-element-7fcbf54 elementor-widget elementor-widget-text-editor\" data-id=\"7fcbf54\" data-element_type=\"widget\" data-widget_type=\"text-editor.default\">\n\t\t\t\t<div class=\"elementor-widget-container\">\n\t\t\t\t\t<div class=\"elementor-text-editor elementor-clearfix\"><p>(rester\u00e0 chiuso per almeno 1 anno)<\/p><\/div>\n\t\t\t\t<\/div>\n\t\t\t\t<\/div>\n\t\t\t\t\t\t<\/div>\n\t\t\t\t\t<\/div>\n\t\t<\/div>\n\t\t\t\t\t\t\t\t<\/div>\n\t\t\t\t\t<\/div>\n\t\t<\/section>\n\t\t\t\t<section class=\"elementor-section elementor-top-section elementor-element elementor-element-39863ebb elementor-section-height-min-height elementor-section-items-stretch elementor-section-boxed elementor-section-height-default\" data-id=\"39863ebb\" data-element_type=\"section\">\n\t\t\t\t\t\t<div class=\"elementor-container elementor-column-gap-default\">\n\t\t\t\t\t\t\t<div class=\"elementor-row\">\n\t\t\t\t\t<div class=\"elementor-column elementor-col-50 elementor-top-column elementor-element elementor-element-1057db3d\" data-id=\"1057db3d\" data-element_type=\"column\">\n\t\t\t<div class=\"elementor-column-wrap elementor-element-populated\">\n\t\t\t\t\t\t\t<div class=\"elementor-widget-wrap\">\n\t\t\t\t\t\t<div class=\"elementor-element elementor-element-59b26fec elementor-widget elementor-widget-heading\" data-id=\"59b26fec\" data-element_type=\"widget\" data-widget_type=\"heading.default\">\n\t\t\t\t<div class=\"elementor-widget-container\">\n\t\t\t<h3 class=\"elementor-heading-title elementor-size-default\">Cattedrale Greco-Ortodossa<\/h3>\t\t<\/div>\n\t\t\t\t<\/div>\n\t\t\t\t<div class=\"elementor-element elementor-element-2d501306 elementor-widget elementor-widget-text-editor\" data-id=\"2d501306\" data-element_type=\"widget\" data-widget_type=\"text-editor.default\">\n\t\t\t\t<div class=\"elementor-widget-container\">\n\t\t\t\t\t<div class=\"elementor-text-editor elementor-clearfix\"><p>La Cattedrale Ortodossa di Chania o chiesa di<br \/>Trimartiri si trova in via Halidon poco prima<br \/>del vecchio porto Veneziano di Chania.<\/p><p>L\u2019 attuale tempio fu costruito sul luogo di una<br \/>pi\u00f9 antica chiesa della Vergine Maria che<br \/>risale al XIV secolo.<br \/>Nel 1645, durante l&#8217;occupazione Ottomana, il<br \/>tempio fu trasformato in una fabbrica di<br \/>sapone, di propriet\u00e0 del funzionario Turco<br \/>Moustafa Pasha Giritli.<br \/>La costruzione della chiesa fu completata nel<br \/>1860 nello stile di una Basilica a tre navate.<br \/>Sul lato nord-est del tempio si trova l&#8217;elevata<br \/>torre campanaria.<br \/>La chiesa \u00e8 composta da tre navate con<br \/>quella centrale dedicata alla Vergine Maria<br \/>(celebrata il 21 novembre), quella nord<br \/>dedicata a San Nicola e quella meridionale ai<br \/>Tre Gerarchi.<\/p><\/div>\n\t\t\t\t<\/div>\n\t\t\t\t<\/div>\n\t\t\t\t\t\t<\/div>\n\t\t\t\t\t<\/div>\n\t\t<\/div>\n\t\t\t\t<div class=\"elementor-column elementor-col-50 elementor-top-column elementor-element elementor-element-1cc2f567\" data-id=\"1cc2f567\" data-element_type=\"column\" data-settings=\"{&quot;background_background&quot;:&quot;classic&quot;}\">\n\t\t\t<div class=\"elementor-column-wrap elementor-element-populated\">\n\t\t\t\t\t\t\t<div class=\"elementor-widget-wrap\">\n\t\t\t\t\t\t<div class=\"elementor-element elementor-element-2810771 dce_masking-none elementor-widget elementor-widget-image\" data-id=\"2810771\" data-element_type=\"widget\" data-widget_type=\"image.default\">\n\t\t\t\t<div class=\"elementor-widget-container\">\n\t\t\t\t\t<div class=\"elementor-image\">\n\t\t\t\t\t\t\t\t\t\t<img width=\"645\" height=\"550\" src=\"https:\/\/www.rentacarchaniaairport.gr\/wp-content\/uploads\/2020\/12\/orthodo.jpg\" class=\"attachment-full size-full\" alt=\"\" loading=\"lazy\" srcset=\"https:\/\/www.rentacarchaniaairport.gr\/wp-content\/uploads\/2020\/12\/orthodo.jpg 645w, https:\/\/www.rentacarchaniaairport.gr\/wp-content\/uploads\/2020\/12\/orthodo-300x256.jpg 300w\" sizes=\"(max-width: 645px) 100vw, 645px\" \/>\t\t\t\t\t\t\t\t\t\t\t<\/div>\n\t\t\t\t<\/div>\n\t\t\t\t<\/div>\n\t\t\t\t\t\t<\/div>\n\t\t\t\t\t<\/div>\n\t\t<\/div>\n\t\t\t\t\t\t\t\t<\/div>\n\t\t\t\t\t<\/div>\n\t\t<\/section>\n\t\t\t\t\t\t<\/div>\n\t\t\t\t\t\t<\/div>\n\t\t\t\t\t<\/div>\n\t\t","protected":false},"excerpt":{"rendered":"<p>Luoghi da vedere nel centro della citt\u00e0 Vecchio Porto Veneziano Risalente al XIV secolo, il vecchio porto \u00e8circondato da una passeggiata fiancheggiatada ristoranti di pesce e da caff\u00e8, brulica divisitatori nel periodo estivo ed \u00e8assolutamente incantevole di notte. Vecchia Citt\u00e0 Una delle cose migliori da fare a Chania \u00e8vagare nel labirinto di passaggi stretti epedonali [&hellip;]<\/p>\n","protected":false},"author":1,"featured_media":0,"parent":0,"menu_order":0,"comment_status":"closed","ping_status":"closed","template":"","meta":{"_seopress_robots_primary_cat":""},"_links":{"self":[{"href":"https:\/\/www.rentacarchaniaairport.gr\/it\/wp-json\/wp\/v2\/pages\/1340"}],"collection":[{"href":"https:\/\/www.rentacarchaniaairport.gr\/it\/wp-json\/wp\/v2\/pages"}],"about":[{"href":"https:\/\/www.rentacarchaniaairport.gr\/it\/wp-json\/wp\/v2\/types\/page"}],"author":[{"embeddable":true,"href":"https:\/\/www.rentacarchaniaairport.gr\/it\/wp-json\/wp\/v2\/users\/1"}],"replies":[{"embeddable":true,"href":"https:\/\/www.rentacarchaniaairport.gr\/it\/wp-json\/wp\/v2\/comments?post=1340"}],"version-history":[{"count":4,"href":"https:\/\/www.rentacarchaniaairport.gr\/it\/wp-json\/wp\/v2\/pages\/1340\/revisions"}],"predecessor-version":[{"id":1612,"href":"https:\/\/www.rentacarchaniaairport.gr\/it\/wp-json\/wp\/v2\/pages\/1340\/revisions\/1612"}],"wp:attachment":[{"href":"https:\/\/www.rentacarchaniaairport.gr\/it\/wp-json\/wp\/v2\/media?parent=1340"}],"curies":[{"name":"wp","href":"https:\/\/api.w.org\/{rel}","templated":true}]}}